{"id":67,"date":"2025-06-30T13:20:22","date_gmt":"2025-06-30T13:20:22","guid":{"rendered":"https:\/\/datajenny.se\/Blogg\/blog\/"},"modified":"2025-06-30T17:29:41","modified_gmt":"2025-06-30T17:29:41","slug":"blog","status":"publish","type":"page","link":"https:\/\/datajenny.se\/Blogg\/blog\/","title":{"rendered":"G\u00e4stbok"},"content":{"rendered":"\n<p>Hej och v\u00e4lkomna till min g\u00e4stbok. Skriv g\u00e4rna en kommentar&#8230;.<\/p>\n\n\n<div class=\"gwolle-gb\"><div class=\"gwolle-gb-messages-top-container\"><\/div>\n\t\t\t<div class=\"gwolle-gb-write-button\">\n\t\t\t\t<input type=\"button\" name=\"gwolle-gb-write-button\" class=\"button btn btn-default \" value=\"Skriv ett nytt inl\u00e4gg.\" aria-expanded=\"false\" \/>\n\t\t\t<\/div>\n\t\t\t<form action=\"#\" method=\"POST\" class=\"gwolle-gb-write gwolle-gb-hide gwolle-gb-float gwolle-gb-form-ajax gwolle-gb-ajax gwolle-gb-not-logged-in\">\n\t\t\t\t<h3>Skriv ett nytt inl\u00e4gg i g\u00e4stboken<\/h3>\n\t\t\t\t<button type=\"button\" class=\"gb-notice-dismiss\">x<span class=\"screen-reader-text\">D\u00f6lj detta formul\u00e4r.<\/span><\/button>\n\t\t\t\n\t\t\t\t<input type=\"hidden\" name=\"gwolle_gb_function\" class=\"gwolle_gb_function\" value=\"add_entry\" \/><input type=\"hidden\" name=\"gwolle_gb_book_id\" class=\"gwolle_gb_book_id\" value=\"1\" \/><div class=\"gwolle_gb_3d90eb26f78e635a275e0cde173a5e77\">\n\t\t\t\t<div class=\"label\"><label for=\"gwolle_gb_3d90eb26f78e635a275e0cde173a5e77-1\" class=\"text-info\">Namn <span class=\"required\">*<\/span><\/label><\/div>\n\t\t\t\t<div class=\"input\"><input class=\"wp-exclude-emoji gwolle_gb_3d90eb26f78e635a275e0cde173a5e77\" value=\"\" type=\"text\" id=\"gwolle_gb_3d90eb26f78e635a275e0cde173a5e77-1\" name=\"gwolle_gb_3d90eb26f78e635a275e0cde173a5e77\" required \/><\/div>\n\t\t\t\t<div class=\"clearBoth\">&nbsp;<\/div>\n\t\t\t<\/div><div class=\"gwolle_gb_7e1c50b7ca12654364bd3cd8bc4d3494\">\n\t\t\t\t\t<div class=\"label\"><label for=\"gwolle_gb_7e1c50b7ca12654364bd3cd8bc4d3494-1\" class=\"text-info\">Ort<\/label><\/div>\n\t\t\t\t\t<div class=\"input\"><input class=\"wp-exclude-emoji gwolle_gb_7e1c50b7ca12654364bd3cd8bc4d3494\" value=\"\" type=\"text\" id=\"gwolle_gb_7e1c50b7ca12654364bd3cd8bc4d3494-1\" name=\"gwolle_gb_7e1c50b7ca12654364bd3cd8bc4d3494\" \/><\/div>\n\t\t\t\t\t<div class=\"clearBoth\">&nbsp;<\/div>\n\t\t\t\t<\/div><div class=\"gwolle_gb_14e6047f938befd5f621954e1dca09c1\">\n\t\t\t\t<div class=\"label\"><label for=\"gwolle_gb_14e6047f938befd5f621954e1dca09c1-1\" class=\"text-info\">E-post <span class=\"required\">*<\/span><\/label><\/div>\n\t\t\t\t<div class=\"input\"><input class=\"gwolle_gb_14e6047f938befd5f621954e1dca09c1\" value=\"\" type=\"email\" id=\"gwolle_gb_14e6047f938befd5f621954e1dca09c1-1\" name=\"gwolle_gb_14e6047f938befd5f621954e1dca09c1\" required \/><\/div>\n\t\t\t\t<div class=\"clearBoth\">&nbsp;<\/div>\n\t\t\t<\/div><div class=\"gwolle_gb_8bc3c04baca1ef8c3d8068792ed37cd8\">\n\t\t\t\t<div class=\"label\"><label for=\"gwolle_gb_8bc3c04baca1ef8c3d8068792ed37cd8-1\" class=\"text-info\">Webbplats<\/label><\/div>\n\t\t\t\t<div class=\"input\"><input class=\"gwolle_gb_8bc3c04baca1ef8c3d8068792ed37cd8\" value=\"\" type=\"url\" id=\"gwolle_gb_8bc3c04baca1ef8c3d8068792ed37cd8-1\" name=\"gwolle_gb_8bc3c04baca1ef8c3d8068792ed37cd8\" \/><\/div>\n\t\t\t\t<div class=\"clearBoth\">&nbsp;<\/div>\n\t\t\t<\/div>\n\t\t\t<div class=\"gwolle_gb_d21209de0668b691068563d0a7572059\" style=\"display:none;overflow:hidden;\" hidden=\"true\" aria-hidden=\"true\">\n\t\t\t\t<div class=\"label\">\n\t\t\t\t\t<label for=\"gwolle_gb_d21209de0668b691068563d0a7572059-1\" class=\"text-primary\">R\u00f6r inte detta<\/label>\n\t\t\t\t\t<label for=\"gwolle_gb_5d30ca18f4c7cda3db759dfe10633307-1\" class=\"text-primary\">R\u00f6r inte detta<\/label>\n\t\t\t\t<\/div>\n\t\t\t\t<div class=\"input\">\n\t\t\t\t\t<input value=\"90\" type=\"text\" id=\"gwolle_gb_d21209de0668b691068563d0a7572059-1\" name=\"gwolle_gb_d21209de0668b691068563d0a7572059\" class=\"gwolle_gb_d21209de0668b691068563d0a7572059\" style=\"transform: translateY(10000px);\" \/>\n\t\t\t\t\t<input value=\"\" type=\"text\" name=\"gwolle_gb_5d30ca18f4c7cda3db759dfe10633307\" id=\"gwolle_gb_5d30ca18f4c7cda3db759dfe10633307-1\" class=\"gwolle_gb_5d30ca18f4c7cda3db759dfe10633307\" style=\"transform: translateY(10000px);\" \/>\n\t\t\t\t<\/div>\n\t\t\t\t<div class=\"clearBoth\"><\/div>\n\t\t\t<\/div>\n\t\t\t<div class=\"gwolle_gb_0cbe3ddd831b92b545a03b3e9f20b223\" style=\"display:none;overflow:hidden;\" hidden=\"true\" aria-hidden=\"true\">\n\t\t\t\t<div class=\"label\">\n\t\t\t\t\t<label for=\"gwolle_gb_0cbe3ddd831b92b545a03b3e9f20b223-1\" class=\"text-primary\">R\u00f6r inte detta<\/label>\n\t\t\t\t\t<label for=\"gwolle_gb_51ab18101363436b1b5c9c9bdaf7a8bb-1\" class=\"text-primary\">R\u00f6r inte detta<\/label>\n\t\t\t\t<\/div>\n\t\t\t\t<div class=\"input\">\n\t\t\t\t\t<input value=\"18078\" type=\"text\" id=\"gwolle_gb_0cbe3ddd831b92b545a03b3e9f20b223-1\" name=\"gwolle_gb_0cbe3ddd831b92b545a03b3e9f20b223\" class=\"gwolle_gb_0cbe3ddd831b92b545a03b3e9f20b223\" style=\"transform: translateY(10000px);\" \/>\n\t\t\t\t\t<input value=\"18078\" type=\"text\"id=\"gwolle_gb_51ab18101363436b1b5c9c9bdaf7a8bb-1\" name=\"gwolle_gb_51ab18101363436b1b5c9c9bdaf7a8bb\" class=\"gwolle_gb_51ab18101363436b1b5c9c9bdaf7a8bb\" style=\"transform: translateY(10000px);\" \/>\n\t\t\t\t<\/div>\n\t\t\t\t<div class=\"clearBoth\"><\/div>\n\t\t\t<\/div><div class=\"gwolle_gb_content\">\n\t\t\t\t<div class=\"label\"><label for=\"gwolle_gb_content-1\" class=\"text-info\">G\u00e4stboksinl\u00e4gg <span class=\"required\">*<\/span><\/label><\/div>\n\t\t\t\t<div class=\"input\"><textarea id=\"gwolle_gb_content-1\" name=\"gwolle_gb_content\" class=\"gwolle_gb_content wp-exclude-emoji\" required ><\/textarea><\/div>\n\t\t\t\t\t<div class=\"clearBoth\">&nbsp;<\/div>\n\t\t\t\t<\/div><input type=\"hidden\" class=\"gwolle_gb_cd19ece80b0bce25c6cf62eb1a0aa0ce\" id=\"gwolle_gb_cd19ece80b0bce25c6cf62eb1a0aa0ce-1\" name=\"gwolle_gb_cd19ece80b0bce25c6cf62eb1a0aa0ce\" value=\"102766c08d\" \/>\n\t\t\t<div class=\"gwolle-gb-messages-bottom-container\"><\/div>\n\n\t\t\t<noscript><div class=\"no-js\">Varning: Detta formul\u00e4r kan endast anv\u00e4ndas om JavaScript \u00e4r aktiverat i din webbl\u00e4sare.<\/div><\/noscript>\n\n\t\t\t<div class=\"gwolle_gb_submit gwolle-gb-submit\">\n\t\t\t\t<div class=\"label gwolle-gb-invisible text-muted\">&nbsp;<\/div>\n\t\t\t\t<div class=\"input\">\n\t\t\t\t\t<input type=\"submit\" name=\"gwolle_gb_submit\" class=\"gwolle_gb_submit button btn btn-primary \" value=\"Skicka\" \/>\n\t\t\t\t\t<span class=\"gwolle_gb_submit_ajax_icon gwolle-gb-submit-ajax-icon\"><\/span>\n\t\t\t\n\t\t\t\t<\/div>\n\t\t\t\t<div class=\"clearBoth\">&nbsp;<\/div>\n\t\t\t<\/div>\n\n\t\t\t<div class=\"gwolle_gb_notice gwolle-gb-notice\">\n\t\t\t\tF\u00e4lt markerade med * \u00e4r obligatoriska.<br \/>\r\nDin e-postadress kommer inte att publiceras.<br \/>\r\nDet \u00e4r m\u00f6jligt att ditt inl\u00e4gg endast kommer visas i g\u00e4stboken n\u00e4r jag f\u00f6rst har granskat det.<br \/>\r\nJag f\u00f6rbeh\u00e5ller mig r\u00e4tten att redigera, ta bort eller inte publicera inl\u00e4gg.\n\t\t\t<\/div><\/form><div class=\"gwolle-gb-read gwolle-gb-ajax gwolle-gb-entries-list\" data-book_id=\"1\" data-page_id=\"1\">\n\t\t<div id=\"gwolle-gb-total\" class=\"gwolle-gb-total\">1 inl\u00e4gg.<\/div><!-- Gwolle-GB Entry: Default Template Loaded -->\n\t\t\t\t<div class=\"gb-entry gb-entry_486 gb-entry-count_1 gwolle-gb-uneven gwolle-gb-first\" id=\"gb-entry_486\" data-entry_id=\"486\">\n\t\t\t\t<article>\n\t\t\t\t\t<div class=\"gb-author-info\">\n\t\t\t\t\t\t<span class=\"gb-author-avatar\"><img referrerpolicy=\"no-referrer\" alt='Susie p\u00e5 Stj\u00e4rnarve...' src='https:\/\/secure.gravatar.com\/avatar\/489602d1a424e65d1ff2b7b575ea609b0f318c2e26aff0b1949ab1f86c39e747?s=32&#038;d=robohash&#038;r=g' srcset='https:\/\/secure.gravatar.com\/avatar\/489602d1a424e65d1ff2b7b575ea609b0f318c2e26aff0b1949ab1f86c39e747?s=64&#038;d=robohash&#038;r=g 2x' class='avatar avatar-32 photo' height='32' width='32' \/><\/span>\n\t\t\t\t\t\t<span class=\"gb-author-name\">Susie p\u00e5 Stj\u00e4rnarve...\n\t\t\t\t\t\t<\/span>\n\t\t\t\t\t\t<span class=\"gb-author-origin\">\n\t\t\t\t\t\t\t<span class=\"gb-author-origin-from-text\"> fr\u00e5n<\/span>\n\t\t\t\t\t\t\t<span class=\"gb-author-origin-text\"> Gotland<\/span>\n\t\t\t\t\t\t<\/span>\n\t\t\t\t\t\t<span class=\"gb-datetime\">\n\t\t\t\t\t\t\t<span class=\"gb-date\"><span class=\"gb-date-wrote-text\"> skrev den<\/span><span class=\"gb-date-text\"> 17 augusti 2025<\/span>\n\t\t\t\t\t\t\t<\/span><span class=\"gb-time\">\n\t\t\t\t\t\t\t\t\t<span class=\"gb-time-at-text\"> kl.<\/span>\n\t\t\t\t\t\t\t\t\t<span class=\"gb-time-text\"> 17:41<\/span>\n\t\t\t\t\t\t\t\t<\/span>\n\t\t\t\t\t\t<\/span> \n\t\t\t\t\t<\/div>\n\t\t\t\t\t<div class=\"gb-entry-content\">Kul att se att det \u00e4r fler som \u00e4r gl\u00f6mska...\nKram-Susie\n\t\t\t\t\t<\/div>\n\t\t\t\t<\/article>\n\t\t\t<\/div>\n\t\t\t<\/div><\/div>\n","protected":false},"excerpt":{"rendered":"<p>Hej och v\u00e4lkomna till min g\u00e4stbok. Skriv g\u00e4rna en kommentar&#8230;.<\/p>\n","protected":false},"author":1,"featured_media":0,"parent":0,"menu_order":0,"comment_status":"closed","ping_status":"closed","template":"","meta":{"ngg_post_thumbnail":0,"jetpack_post_was_ever_published":false,"footnotes":""},"class_list":["post-67","page","type-page","status-publish","hentry"],"featured_image_src":null,"yoast_head":"<!-- This site is optimized with the Yoast SEO plugin v27.3 - https:\/\/yoast.com\/product\/yoast-seo-wordpress\/ -->\n<title>G\u00e4stbok - V\u00e4lkommen till JeLo<\/title>\n<meta name=\"robots\" content=\"index, follow, max-snippet:-1, max-image-preview:large, max-video-preview:-1\" \/>\n<link rel=\"canonical\" href=\"https:\/\/datajenny.se\/Blogg\/blog\/\" \/>\n<meta property=\"og:locale\" content=\"sv_SE\" \/>\n<meta property=\"og:type\" content=\"article\" \/>\n<meta property=\"og:title\" content=\"G\u00e4stbok - V\u00e4lkommen till JeLo\" \/>\n<meta property=\"og:description\" content=\"Hej och v\u00e4lkomna till min g\u00e4stbok. Skriv g\u00e4rna en kommentar&#8230;.\" \/>\n<meta property=\"og:url\" content=\"https:\/\/datajenny.se\/Blogg\/blog\/\" \/>\n<meta property=\"og:site_name\" content=\"V\u00e4lkommen till JeLo\" \/>\n<meta property=\"article:publisher\" content=\"https:\/\/www.facebook.com\/datajenny\/\" \/>\n<meta property=\"article:modified_time\" content=\"2025-06-30T17:29:41+00:00\" \/>\n<meta name=\"twitter:card\" content=\"summary_large_image\" \/>\n<script type=\"application\/ld+json\" class=\"yoast-schema-graph\">{\"@context\":\"https:\\\/\\\/schema.org\",\"@graph\":[{\"@type\":\"WebPage\",\"@id\":\"https:\\\/\\\/datajenny.se\\\/Blogg\\\/blog\\\/\",\"url\":\"https:\\\/\\\/datajenny.se\\\/Blogg\\\/blog\\\/\",\"name\":\"G\u00e4stbok - V\u00e4lkommen till JeLo\",\"isPartOf\":{\"@id\":\"https:\\\/\\\/datajenny.se\\\/Blogg\\\/#website\"},\"datePublished\":\"2025-06-30T13:20:22+00:00\",\"dateModified\":\"2025-06-30T17:29:41+00:00\",\"breadcrumb\":{\"@id\":\"https:\\\/\\\/datajenny.se\\\/Blogg\\\/blog\\\/#breadcrumb\"},\"inLanguage\":\"sv-SE\",\"potentialAction\":[{\"@type\":\"ReadAction\",\"target\":[\"https:\\\/\\\/datajenny.se\\\/Blogg\\\/blog\\\/\"]}]},{\"@type\":\"BreadcrumbList\",\"@id\":\"https:\\\/\\\/datajenny.se\\\/Blogg\\\/blog\\\/#breadcrumb\",\"itemListElement\":[{\"@type\":\"ListItem\",\"position\":1,\"name\":\"Hem\",\"item\":\"https:\\\/\\\/datajenny.se\\\/Blogg\\\/\"},{\"@type\":\"ListItem\",\"position\":2,\"name\":\"G\u00e4stbok\"}]},{\"@type\":\"WebSite\",\"@id\":\"https:\\\/\\\/datajenny.se\\\/Blogg\\\/#website\",\"url\":\"https:\\\/\\\/datajenny.se\\\/Blogg\\\/\",\"name\":\"V\u00e4lkommen till Jenny Louises blogg\",\"description\":\"Jenny Louises blogg\",\"publisher\":{\"@id\":\"https:\\\/\\\/datajenny.se\\\/Blogg\\\/#\\\/schema\\\/person\\\/da3cd1b9792c07c50c88641dcf976bee\"},\"potentialAction\":[{\"@type\":\"SearchAction\",\"target\":{\"@type\":\"EntryPoint\",\"urlTemplate\":\"https:\\\/\\\/datajenny.se\\\/Blogg\\\/?s={search_term_string}\"},\"query-input\":{\"@type\":\"PropertyValueSpecification\",\"valueRequired\":true,\"valueName\":\"search_term_string\"}}],\"inLanguage\":\"sv-SE\"},{\"@type\":[\"Person\",\"Organization\"],\"@id\":\"https:\\\/\\\/datajenny.se\\\/Blogg\\\/#\\\/schema\\\/person\\\/da3cd1b9792c07c50c88641dcf976bee\",\"name\":\"Jenny Louise Nod\u00e9n\",\"image\":{\"@type\":\"ImageObject\",\"inLanguage\":\"sv-SE\",\"@id\":\"https:\\\/\\\/datajenny.se\\\/Blogg\\\/wp-content\\\/uploads\\\/2025\\\/07\\\/wp-1751728308657.jpg\",\"url\":\"https:\\\/\\\/datajenny.se\\\/Blogg\\\/wp-content\\\/uploads\\\/2025\\\/07\\\/wp-1751728308657.jpg\",\"contentUrl\":\"https:\\\/\\\/datajenny.se\\\/Blogg\\\/wp-content\\\/uploads\\\/2025\\\/07\\\/wp-1751728308657.jpg\",\"width\":928,\"height\":928,\"caption\":\"Jenny Louise Nod\u00e9n\"},\"logo\":{\"@id\":\"https:\\\/\\\/datajenny.se\\\/Blogg\\\/wp-content\\\/uploads\\\/2025\\\/07\\\/wp-1751728308657.jpg\"},\"description\":\"Jag \u00e4r en tjej som oftast \u00e4r glad och \u00e4lskar livet, men den 18 januari 2005 s\u00e5 f\u00f6rs\u00f6kte jag ta mitt liv, jag orkade inte helt enkelt l\u00e4ngre. Men min f\u00e4stman hittade mig i duschen, han r\u00e4ddade livet p\u00e5 mig. Jag fick \u00e5ka in till akuten och blev magpumpad samt s\u00e5 fick jag \u00e4ta kr\u00e4ksirap. Hamnade sedan p\u00e5 S\u00e4ter och log d\u00e4r i fyra dagar. Idag \u00e4r jag glad f\u00f6r att han hittade mig, livet har s\u00e5 mycket att erbjuda. Jag bryr mig f\u00f6r mycket om andra, jag kommer alltid i andra hand hos mig sj\u00e4lv. Jag \u00e4r gift med en underbar man vid namn Magnus och vi har en son som heter Erik och \u00e4r f\u00f6dd juni 2018.\",\"sameAs\":[\"https:\\\/\\\/datajenny.se\\\/Blogg\",\"https:\\\/\\\/www.facebook.com\\\/datajenny\\\/\",\"https:\\\/\\\/www.instagram.com\\\/datajenny\\\/\",\"https:\\\/\\\/www.linkedin.com\\\/in\\\/jenny-louise-nodn-75324811b?\",\"https:\\\/\\\/youtube.com\\\/channel\\\/UCU00yswsJZcmgqfoON6pMwg\",\"https:\\\/\\\/datajenny.tumblr.com\\\/\"]}]}<\/script>\n<!-- \/ Yoast SEO plugin. -->","yoast_head_json":{"title":"G\u00e4stbok - V\u00e4lkommen till JeLo","robots":{"index":"index","follow":"follow","max-snippet":"max-snippet:-1","max-image-preview":"max-image-preview:large","max-video-preview":"max-video-preview:-1"},"canonical":"https:\/\/datajenny.se\/Blogg\/blog\/","og_locale":"sv_SE","og_type":"article","og_title":"G\u00e4stbok - V\u00e4lkommen till JeLo","og_description":"Hej och v\u00e4lkomna till min g\u00e4stbok. Skriv g\u00e4rna en kommentar&#8230;.","og_url":"https:\/\/datajenny.se\/Blogg\/blog\/","og_site_name":"V\u00e4lkommen till JeLo","article_publisher":"https:\/\/www.facebook.com\/datajenny\/","article_modified_time":"2025-06-30T17:29:41+00:00","twitter_card":"summary_large_image","schema":{"@context":"https:\/\/schema.org","@graph":[{"@type":"WebPage","@id":"https:\/\/datajenny.se\/Blogg\/blog\/","url":"https:\/\/datajenny.se\/Blogg\/blog\/","name":"G\u00e4stbok - V\u00e4lkommen till JeLo","isPartOf":{"@id":"https:\/\/datajenny.se\/Blogg\/#website"},"datePublished":"2025-06-30T13:20:22+00:00","dateModified":"2025-06-30T17:29:41+00:00","breadcrumb":{"@id":"https:\/\/datajenny.se\/Blogg\/blog\/#breadcrumb"},"inLanguage":"sv-SE","potentialAction":[{"@type":"ReadAction","target":["https:\/\/datajenny.se\/Blogg\/blog\/"]}]},{"@type":"BreadcrumbList","@id":"https:\/\/datajenny.se\/Blogg\/blog\/#breadcrumb","itemListElement":[{"@type":"ListItem","position":1,"name":"Hem","item":"https:\/\/datajenny.se\/Blogg\/"},{"@type":"ListItem","position":2,"name":"G\u00e4stbok"}]},{"@type":"WebSite","@id":"https:\/\/datajenny.se\/Blogg\/#website","url":"https:\/\/datajenny.se\/Blogg\/","name":"V\u00e4lkommen till Jenny Louises blogg","description":"Jenny Louises blogg","publisher":{"@id":"https:\/\/datajenny.se\/Blogg\/#\/schema\/person\/da3cd1b9792c07c50c88641dcf976bee"},"potentialAction":[{"@type":"SearchAction","target":{"@type":"EntryPoint","urlTemplate":"https:\/\/datajenny.se\/Blogg\/?s={search_term_string}"},"query-input":{"@type":"PropertyValueSpecification","valueRequired":true,"valueName":"search_term_string"}}],"inLanguage":"sv-SE"},{"@type":["Person","Organization"],"@id":"https:\/\/datajenny.se\/Blogg\/#\/schema\/person\/da3cd1b9792c07c50c88641dcf976bee","name":"Jenny Louise Nod\u00e9n","image":{"@type":"ImageObject","inLanguage":"sv-SE","@id":"https:\/\/datajenny.se\/Blogg\/wp-content\/uploads\/2025\/07\/wp-1751728308657.jpg","url":"https:\/\/datajenny.se\/Blogg\/wp-content\/uploads\/2025\/07\/wp-1751728308657.jpg","contentUrl":"https:\/\/datajenny.se\/Blogg\/wp-content\/uploads\/2025\/07\/wp-1751728308657.jpg","width":928,"height":928,"caption":"Jenny Louise Nod\u00e9n"},"logo":{"@id":"https:\/\/datajenny.se\/Blogg\/wp-content\/uploads\/2025\/07\/wp-1751728308657.jpg"},"description":"Jag \u00e4r en tjej som oftast \u00e4r glad och \u00e4lskar livet, men den 18 januari 2005 s\u00e5 f\u00f6rs\u00f6kte jag ta mitt liv, jag orkade inte helt enkelt l\u00e4ngre. Men min f\u00e4stman hittade mig i duschen, han r\u00e4ddade livet p\u00e5 mig. Jag fick \u00e5ka in till akuten och blev magpumpad samt s\u00e5 fick jag \u00e4ta kr\u00e4ksirap. Hamnade sedan p\u00e5 S\u00e4ter och log d\u00e4r i fyra dagar. Idag \u00e4r jag glad f\u00f6r att han hittade mig, livet har s\u00e5 mycket att erbjuda. Jag bryr mig f\u00f6r mycket om andra, jag kommer alltid i andra hand hos mig sj\u00e4lv. Jag \u00e4r gift med en underbar man vid namn Magnus och vi har en son som heter Erik och \u00e4r f\u00f6dd juni 2018.","sameAs":["https:\/\/datajenny.se\/Blogg","https:\/\/www.facebook.com\/datajenny\/","https:\/\/www.instagram.com\/datajenny\/","https:\/\/www.linkedin.com\/in\/jenny-louise-nodn-75324811b?","https:\/\/youtube.com\/channel\/UCU00yswsJZcmgqfoON6pMwg","https:\/\/datajenny.tumblr.com\/"]}]}},"jetpack_sharing_enabled":true,"jetpack_likes_enabled":true,"_links":{"self":[{"href":"https:\/\/datajenny.se\/Blogg\/wp-json\/wp\/v2\/pages\/67","targetHints":{"allow":["GET"]}}],"collection":[{"href":"https:\/\/datajenny.se\/Blogg\/wp-json\/wp\/v2\/pages"}],"about":[{"href":"https:\/\/datajenny.se\/Blogg\/wp-json\/wp\/v2\/types\/page"}],"author":[{"embeddable":true,"href":"https:\/\/datajenny.se\/Blogg\/wp-json\/wp\/v2\/users\/1"}],"replies":[{"embeddable":true,"href":"https:\/\/datajenny.se\/Blogg\/wp-json\/wp\/v2\/comments?post=67"}],"version-history":[{"count":4,"href":"https:\/\/datajenny.se\/Blogg\/wp-json\/wp\/v2\/pages\/67\/revisions"}],"predecessor-version":[{"id":1254,"href":"https:\/\/datajenny.se\/Blogg\/wp-json\/wp\/v2\/pages\/67\/revisions\/1254"}],"wp:attachment":[{"href":"https:\/\/datajenny.se\/Blogg\/wp-json\/wp\/v2\/media?parent=67"}],"curies":[{"name":"wp","href":"https:\/\/api.w.org\/{rel}","templated":true}]}}